{"id":5,"date":"2013-08-24T14:26:14","date_gmt":"2013-08-24T14:26:14","guid":{"rendered":"http:\/\/bhhahn.dk\/?page_id=5"},"modified":"2024-08-21T12:18:31","modified_gmt":"2024-08-21T12:18:31","slug":"familiens-hjemmeside","status":"publish","type":"page","link":"http:\/\/bhhahn.dk\/","title":{"rendered":"Familiens hjemmeside"},"content":{"rendered":"<p><span style=\"font-family: 'comic sans ms', sans-serif; font-size: 14pt;\"><strong><span style=\"line-height: 21px;\">H<\/span>ej til alle<\/strong><\/span><\/p>\n<p><span style=\"font-family: 'comic sans ms', sans-serif; font-size: 14pt;\">\u00a0I er landet p\u00e5 vores private familieside og velkommen hertil. Der kan v\u00e6re mange grunde til I er landet p\u00e5 denne side, men under alle omst\u00e6ndigheder<\/span><\/p>\n<p><span style=\"font-family: 'comic sans ms', sans-serif; font-size: 14pt;\"><strong>VELKOMMEN HERTIL!<\/strong><\/span><\/p>\n<p>&nbsp;<\/p>\n<figure id=\"attachment_319\" aria-describedby=\"caption-attachment-319\" style=\"width: 697px\" class=\"wp-caption aligncenter\"><a href=\"http:\/\/bhhahn.dk\/wp-content\/uploads\/2015\/01\/DSC0046-2-FILEminimizer.jpg\"><img loading=\"lazy\" decoding=\"async\" class=\"wp-image-319\" src=\"http:\/\/bhhahn.dk\/wp-content\/uploads\/2015\/01\/DSC0046-2-FILEminimizer.jpg\" alt=\"_DSC0046 (2) (FILEminimizer)\" width=\"707\" height=\"471\" srcset=\"http:\/\/bhhahn.dk\/wp-content\/uploads\/2015\/01\/DSC0046-2-FILEminimizer.jpg 1152w, http:\/\/bhhahn.dk\/wp-content\/uploads\/2015\/01\/DSC0046-2-FILEminimizer-300x200.jpg 300w, http:\/\/bhhahn.dk\/wp-content\/uploads\/2015\/01\/DSC0046-2-FILEminimizer-1024x683.jpg 1024w\" sizes=\"(max-width: 707px) 100vw, 707px\" \/><\/a><figcaption id=\"caption-attachment-319\" class=\"wp-caption-text\"><span style=\"font-family: 'comic sans ms', sans-serif; font-size: 14pt;\">Her er et billed fra da Joy var mindre, desv\u00e6rre blev Joy syg og forlod os i 2021, men hun vil altid v\u00e6re i vores hjerter<\/span><\/figcaption><\/figure>\n<p>&nbsp;<\/p>\n<p>&nbsp;<\/p>\n<p>&nbsp;<\/p>\n<p>&nbsp;<\/p>\n<p>&nbsp;<\/p>\n","protected":false},"excerpt":{"rendered":"<p>Hej til alle \u00a0I er landet p\u00e5 vores private familieside og velkommen hertil. Der kan v\u00e6re mange grunde til I er landet p\u00e5 denne side, men under alle omst\u00e6ndigheder VELKOMMEN HERTIL! &nbsp; &nbsp; &nbsp; &nbsp; &nbsp; &nbsp;<\/p>\n","protected":false},"author":1,"featured_media":0,"parent":0,"menu_order":0,"comment_status":"open","ping_status":"open","template":"","meta":{"generate_page_header":"","footnotes":""},"class_list":["post-5","page","type-page","status-publish"],"_links":{"self":[{"href":"http:\/\/bhhahn.dk\/index.php?rest_route=\/wp\/v2\/pages\/5"}],"collection":[{"href":"http:\/\/bhhahn.dk\/index.php?rest_route=\/wp\/v2\/pages"}],"about":[{"href":"http:\/\/bhhahn.dk\/index.php?rest_route=\/wp\/v2\/types\/page"}],"author":[{"embeddable":true,"href":"http:\/\/bhhahn.dk\/index.php?rest_route=\/wp\/v2\/users\/1"}],"replies":[{"embeddable":true,"href":"http:\/\/bhhahn.dk\/index.php?rest_route=%2Fwp%2Fv2%2Fcomments&post=5"}],"version-history":[{"count":29,"href":"http:\/\/bhhahn.dk\/index.php?rest_route=\/wp\/v2\/pages\/5\/revisions"}],"predecessor-version":[{"id":954,"href":"http:\/\/bhhahn.dk\/index.php?rest_route=\/wp\/v2\/pages\/5\/revisions\/954"}],"wp:attachment":[{"href":"http:\/\/bhhahn.dk\/index.php?rest_route=%2Fwp%2Fv2%2Fmedia&parent=5"}],"curies":[{"name":"wp","href":"https:\/\/api.w.org\/{rel}","templated":true}]}}